{"id":125,"date":"2026-03-11T16:46:31","date_gmt":"2026-03-11T16:46:31","guid":{"rendered":"http:\/\/xcnamfo.cluster121.hosting.ovh.net\/?page_id=125"},"modified":"2026-03-14T11:00:36","modified_gmt":"2026-03-14T10:00:36","slug":"la-methode","status":"publish","type":"page","link":"https:\/\/www.polette-studio.fr\/index.php\/la-methode\/","title":{"rendered":"LA M\u00c9THODE"},"content":{"rendered":"\t\t<div data-elementor-type=\"wp-page\" data-elementor-id=\"125\" class=\"elementor elementor-125\">\n\t\t\t\t<div class=\"elementor-element elementor-element-620a12cd e-flex e-con-boxed e-con e-parent\" data-id=\"620a12cd\" data-element_type=\"container\" data-e-type=\"container\">\n\t\t\t\t\t<div class=\"e-con-inner\">\n\t\t<div class=\"elementor-element elementor-element-7fd83100 e-con-full e-flex e-con e-child\" data-id=\"7fd83100\" data-element_type=\"container\" data-e-type=\"container\">\n\t\t\t\t<div class=\"elementor-element elementor-element-7c47c0e4 elementor-position-inline-start elementor-view-default elementor-mobile-position-block-start elementor-widget elementor-widget-icon-box\" data-id=\"7c47c0e4\" data-element_type=\"widget\" data-e-type=\"widget\" data-widget_type=\"icon-box.default\">\n\t\t\t\t\t\t\t<div class=\"elementor-icon-box-wrapper\">\n\n\t\t\t\t\t\t<div class=\"elementor-icon-box-icon\">\n\t\t\t\t<a href=\"https:\/\/www.polette-studio.fr\/index.php\/home\/\" class=\"elementor-icon\" tabindex=\"-1\">\n\t\t\t\t<svg xmlns=\"http:\/\/www.w3.org\/2000\/svg\" width=\"500\" height=\"500\" viewBox=\"0 0 375 375\" preserveAspectRatio=\"xMidYMid meet\"><defs><clipPath id=\"a2eb183739\"><rect x=\"0\" width=\"89\" y=\"0\" height=\"150\"><\/rect><\/clipPath><clipPath id=\"53f8793656\"><rect x=\"0\" width=\"77\" y=\"0\" height=\"151\"><\/rect><\/clipPath><clipPath id=\"70811822eb\"><path d=\"M 103.9 133.1 L 249.9 133.1 L 249.9 279.7 L 103.9 279.7 Z\"><\/path><\/clipPath><clipPath id=\"79f65ec99e\"><path d=\"M 103.9 279.7 C 103.9 241.3 119.5 203.7 146.7 176.5 C 173.8 149.3 211.5 133.7 249.9 133.7 L 249.9 208.2 C 231.1 208.2 212.7 215.8 199.3 229.2 C 186 242.5 178.4 260.9 178.4 279.7 Z\"><\/path><\/clipPath><clipPath id=\"e83dc9971c\"><path d=\"M 0.9 0.6 L 146.9 0.6 L 146.9 146.7 L 0.9 146.7 Z\"><\/path><\/clipPath><clipPath id=\"4bb902e010\"><path d=\"M 0.9 146.7 C 0.9 108.3 16.5 70.7 43.7 43.5 C 70.8 16.3 108.5 0.7 146.9 0.7 L 146.9 75.2 C 128.1 75.2 109.7 82.8 96.3 96.2 C 83 109.5 75.4 127.9 75.4 146.7 Z\"><\/path><\/clipPath><\/defs><rect x=\"0\" y=\"0\" width=\"375\" height=\"375\" fill=\"#fff9f1\"><\/rect><g transform=\"translate(93, 51)\"><g clip-path=\"url(#a2eb183739)\"><path fill=\"#9bc1f9\" d=\"M 36.8 123.3 L 5.2 123.3 L 5.2 35.8 L 50.5 35.8 C 57.7 35.9 64.1 37.1 69.6 39.4 C 75.1 41.7 79.4 45.1 82.5 49.6 C 85.6 54.2 87.1 59.9 87.1 66.9 C 87.1 73.8 85.6 79.5 82.6 84.1 C 79.5 88.7 75.3 92.3 69.8 94.6 C 64.3 97 57.8 98.2 50.4 98.2 L 33.9 98.2 Z M 33.9 73.2 L 33.9 82.9 L 49.4 82.9 C 55.3 82.9 58.3 81.3 58.3 78.1 C 58.3 76.1 57.4 74.7 55.6 74.1 C 53.9 73.5 51.8 73.2 49.5 73.2 Z\"><\/path><\/g><\/g><g transform=\"translate(198, 172)\"><g clip-path=\"url(#53f8793656)\"><path fill=\"#9bc1f9\" d=\"M 38.5 125.9 C 27.3 125.9 18.6 123 12.2 117.1 C 5.9 111.2 2.7 103.1 2.7 92.8 C 2.7 82.4 5.9 74.2 12.2 68.4 C 18.6 62.6 27.3 59.6 38.5 59.6 C 49.8 59.6 58.6 62.6 65 68.4 C 71.3 74.2 74.5 82.4 74.5 92.8 C 74.5 103.1 71.3 111.2 65 117.1 C 58.6 123 49.8 125.9 38.5 125.9 Z M 38.5 99.6 C 46.8 99.6 51 97.9 51 94.7 C 51 93.2 50 92 47.9 91.1 C 45.8 90.1 42.7 89.7 38.5 89.7 C 34.5 89.7 31.4 90.1 29.4 91.1 C 27.3 92 26.2 93.2 26.2 94.7 C 26.2 97.9 30.3 99.6 38.5 99.6 Z\"><\/path><\/g><\/g><g clip-path=\"url(#70811822eb)\"><g clip-path=\"url(#79f65ec99e)\"><path fill=\"#9bc1f9\" d=\"M 104.8 133.9 L 250.8 133.9 L 250.8 279.9 L 104.8 279.9 Z\"><\/path><\/g><\/g><\/svg>\t\t\t\t<\/a>\n\t\t\t<\/div>\n\t\t\t\n\t\t\t\n\t\t<\/div>\n\t\t\t\t\t\t<\/div>\n\t\t\t\t<\/div>\n\t\t<div class=\"elementor-element elementor-element-26767133 e-con-full e-flex e-con e-child\" data-id=\"26767133\" data-element_type=\"container\" data-e-type=\"container\">\n\t\t\t\t<div class=\"elementor-element elementor-element-217de1b1 elementor-icon-list--layout-inline elementor-list-item-link-inline elementor-align-end elementor-widget__width-auto elementor-widget elementor-widget-icon-list\" data-id=\"217de1b1\" data-element_type=\"widget\" data-e-type=\"widget\" data-widget_type=\"icon-list.default\">\n\t\t\t\t\t\t\t<ul class=\"elementor-icon-list-items elementor-inline-items\">\n\t\t\t\t\t\t\t<li class=\"elementor-icon-list-item elementor-inline-item\">\n\t\t\t\t\t\t\t\t\t\t\t<a href=\"https:\/\/www.polette-studio.fr\/index.php\/le-portfolio\/\">\n\n\t\t\t\t\t\t\t\t\t\t\t<span class=\"elementor-icon-list-text\">LE PORTFOLIO<\/span>\n\t\t\t\t\t\t\t\t\t\t\t<\/a>\n\t\t\t\t\t\t\t\t\t<\/li>\n\t\t\t\t\t\t\t\t<li class=\"elementor-icon-list-item elementor-inline-item\">\n\t\t\t\t\t\t\t\t\t\t\t<a href=\"https:\/\/www.polette-studio.fr\/index.php\/la-methode\/\">\n\n\t\t\t\t\t\t\t\t\t\t\t<span class=\"elementor-icon-list-text\">LA M\u00c9THODE<\/span>\n\t\t\t\t\t\t\t\t\t\t\t<\/a>\n\t\t\t\t\t\t\t\t\t<\/li>\n\t\t\t\t\t\t\t\t<li class=\"elementor-icon-list-item elementor-inline-item\">\n\t\t\t\t\t\t\t\t\t\t\t<a href=\"https:\/\/www.polette-studio.fr\/index.php\/le-studio\/\">\n\n\t\t\t\t\t\t\t\t\t\t\t<span class=\"elementor-icon-list-text\">LE STUDIO<\/span>\n\t\t\t\t\t\t\t\t\t\t\t<\/a>\n\t\t\t\t\t\t\t\t\t<\/li>\n\t\t\t\t\t\t\t\t<li class=\"elementor-icon-list-item elementor-inline-item\">\n\t\t\t\t\t\t\t\t\t\t\t<a href=\"https:\/\/www.polette-studio.fr\/index.php\/contact\/\">\n\n\t\t\t\t\t\t\t\t\t\t\t<span class=\"elementor-icon-list-text\">CONTACT<\/span>\n\t\t\t\t\t\t\t\t\t\t\t<\/a>\n\t\t\t\t\t\t\t\t\t<\/li>\n\t\t\t\t\t\t<\/ul>\n\t\t\t\t\t\t<\/div>\n\t\t\t\t<\/div>\n\t\t\t\t\t<\/div>\n\t\t\t\t<\/div>\n\t\t<div class=\"elementor-element elementor-element-2bf27167 e-flex e-con-boxed e-con e-parent\" data-id=\"2bf27167\" data-element_type=\"container\" data-e-type=\"container\">\n\t\t\t\t\t<div class=\"e-con-inner\">\n\t\t\t\t<div class=\"elementor-element elementor-element-4aa3f7c7 elementor-widget elementor-widget-heading\" data-id=\"4aa3f7c7\" data-element_type=\"widget\" data-e-type=\"widget\" data-widget_type=\"heading.default\">\n\t\t\t\t\t<h2 class=\"elementor-heading-title elementor-size-default\">LA M\u00c9THODE<\/h2>\t\t\t\t<\/div>\n\t\t\t\t\t<\/div>\n\t\t\t\t<\/div>\n\t\t<div class=\"elementor-element elementor-element-79968c8b e-flex e-con-boxed e-con e-parent\" data-id=\"79968c8b\" data-element_type=\"container\" data-e-type=\"container\">\n\t\t\t\t\t<div class=\"e-con-inner\">\n\t\t\t\t<div class=\"elementor-element elementor-element-313c78e7 elementor-widget elementor-widget-heading\" data-id=\"313c78e7\" data-element_type=\"widget\" data-e-type=\"widget\" data-widget_type=\"heading.default\">\n\t\t\t\t\t<h2 class=\"elementor-heading-title elementor-size-default\">Parce qu\u2019un beau projet est avant tout un projet ma\u00eetris\u00e9. <br>De l\u2019esquisse 3D \u00e0 la remise des cl\u00e9s, nous avons structur\u00e9 notre accompagnement en trois phases.\nUne m\u00e9thode rigoureuse et transparente, pens\u00e9e pour transformer vos envies en une r\u00e9alit\u00e9 concr\u00e8te, sans zone d\u2019ombre.<\/h2>\t\t\t\t<\/div>\n\t\t\t\t\t<\/div>\n\t\t\t\t<\/div>\n\t\t<div class=\"elementor-element elementor-element-b21662f e-flex e-con-boxed e-con e-parent\" data-id=\"b21662f\" data-element_type=\"container\" data-e-type=\"container\">\n\t\t\t\t\t<div class=\"e-con-inner\">\n\t\t\t\t<div class=\"elementor-element elementor-element-54046a5 elementor-widget__width-inherit elementor-widget elementor-widget-image\" data-id=\"54046a5\" data-element_type=\"widget\" data-e-type=\"widget\" data-widget_type=\"image.default\">\n\t\t\t\t\t\t\t\t\t\t\t\t\t\t\t<img decoding=\"async\" src=\"https:\/\/www.polette-studio.fr\/wp-content\/uploads\/elementor\/thumbs\/Plan-de-sol-Amsterdam-1-scaled-rkhn9teahfx4yczr573z7a7v4thra3tg8o995o6sgk.jpg\" title=\"Plan de sol Amsterdam\" alt=\"Plan de sol Amsterdam\" loading=\"lazy\" \/>\t\t\t\t\t\t\t\t\t\t\t\t\t\t\t<\/div>\n\t\t\t\t\t<\/div>\n\t\t\t\t<\/div>\n\t\t<div class=\"elementor-element elementor-element-b41d0cf e-flex e-con-boxed e-con e-parent\" data-id=\"b41d0cf\" data-element_type=\"container\" data-e-type=\"container\">\n\t\t\t\t\t<div class=\"e-con-inner\">\n\t\t\t\t<div class=\"elementor-element elementor-element-8b4d761 elementor-widget elementor-widget-heading\" data-id=\"8b4d761\" data-element_type=\"widget\" data-e-type=\"widget\" data-widget_type=\"heading.default\">\n\t\t\t\t\t<h2 class=\"elementor-heading-title elementor-size-default\">01<\/h2>\t\t\t\t<\/div>\n\t\t\t\t<div class=\"elementor-element elementor-element-37c3629 elementor-widget elementor-widget-heading\" data-id=\"37c3629\" data-element_type=\"widget\" data-e-type=\"widget\" data-widget_type=\"heading.default\">\n\t\t\t\t\t<h2 class=\"elementor-heading-title elementor-size-default\">Conception &amp; Agencement<\/h2>\t\t\t\t<\/div>\n\t\t<div class=\"elementor-element elementor-element-dcb0992 e-con-full e-flex e-con e-child\" data-id=\"dcb0992\" data-element_type=\"container\" data-e-type=\"container\">\n\t\t\t\t<div class=\"elementor-element elementor-element-d8462fa elementor-widget elementor-widget-heading\" data-id=\"d8462fa\" data-element_type=\"widget\" data-e-type=\"widget\" data-widget_type=\"heading.default\">\n\t\t\t\t\t<h2 class=\"elementor-heading-title elementor-size-default\">Cette phase est d\u00e9di\u00e9e \u00e0 la d\u00e9finition du volume et de l\u2019identit\u00e9 de votre espace. Nous \u00e9tudions la circulation, l'ensoleillement et la structure de la construction pour optimiser chaque m\u00e8tre carr\u00e9 afin de <b>cr\u00e9er des plans d\u2019implantation<\/b>. <br>\u00c0 travers des <b>visuels r\u00e9alistes<\/b>, nous validons ensemble les <b>choix de mat\u00e9riaux<\/b>, de couleurs et d\u2019\u00e9clairages. C\u2019est ici que l\u2019intention esth\u00e9tique rencontre la fonctionnalit\u00e9.<\/h2>\t\t\t\t<\/div>\n\t\t\t\t<\/div>\n\t\t\t\t\t<\/div>\n\t\t\t\t<\/div>\n\t\t<div class=\"elementor-element elementor-element-0b36e73 e-flex e-con-boxed e-con e-parent\" data-id=\"0b36e73\" data-element_type=\"container\" data-e-type=\"container\">\n\t\t\t\t\t<div class=\"e-con-inner\">\n\t\t\t\t<div class=\"elementor-element elementor-element-5c9966b elementor-widget elementor-widget-heading\" data-id=\"5c9966b\" data-element_type=\"widget\" data-e-type=\"widget\" data-widget_type=\"heading.default\">\n\t\t\t\t\t<h2 class=\"elementor-heading-title elementor-size-default\">02<\/h2>\t\t\t\t<\/div>\n\t\t\t\t<div class=\"elementor-element elementor-element-9142037 elementor-widget elementor-widget-heading\" data-id=\"9142037\" data-element_type=\"widget\" data-e-type=\"widget\" data-widget_type=\"heading.default\">\n\t\t\t\t\t<h2 class=\"elementor-heading-title elementor-size-default\">DOSSIER TECHNIQUE &amp; CHIFFRAGE<\/h2>\t\t\t\t<\/div>\n\t\t<div class=\"elementor-element elementor-element-b2ea9b0 e-con-full e-flex e-con e-child\" data-id=\"b2ea9b0\" data-element_type=\"container\" data-e-type=\"container\">\n\t\t\t\t<div class=\"elementor-element elementor-element-40d954c elementor-widget elementor-widget-heading\" data-id=\"40d954c\" data-element_type=\"widget\" data-e-type=\"widget\" data-widget_type=\"heading.default\">\n\t\t\t\t\t<h2 class=\"elementor-heading-title elementor-size-default\">Nous traduisons le concept en un <b>dossier technique complet<\/b> indispensable aux artisans : plans de r\u00e9seaux (\u00e9lectricit\u00e9, plomberie), plans de construction (ma\u00e7onnerie, pl\u00e2trerie) calepinages pr\u00e9cis et dessins de menuiseries sur mesure.<br>Ce niveau de d\u00e9tail nous permet de consulter les entreprises sur une <b>base de prix ferme et d\u00e9finitive<\/b>, vous garantissant une ma\u00eetrise totale de votre budget avant de lancer les travaux.<\/h2>\t\t\t\t<\/div>\n\t\t\t\t<\/div>\n\t\t\t\t\t<\/div>\n\t\t\t\t<\/div>\n\t\t<div class=\"elementor-element elementor-element-8c681bb e-flex e-con-boxed e-con e-parent\" data-id=\"8c681bb\" data-element_type=\"container\" data-e-type=\"container\">\n\t\t\t\t\t<div class=\"e-con-inner\">\n\t\t\t\t<div class=\"elementor-element elementor-element-121e325 elementor-widget elementor-widget-heading\" data-id=\"121e325\" data-element_type=\"widget\" data-e-type=\"widget\" data-widget_type=\"heading.default\">\n\t\t\t\t\t<h2 class=\"elementor-heading-title elementor-size-default\">03<\/h2>\t\t\t\t<\/div>\n\t\t\t\t<div class=\"elementor-element elementor-element-ccf56db elementor-widget elementor-widget-heading\" data-id=\"ccf56db\" data-element_type=\"widget\" data-e-type=\"widget\" data-widget_type=\"heading.default\">\n\t\t\t\t\t<h2 class=\"elementor-heading-title elementor-size-default\">SUIVI DE CHANTIER<\/h2>\t\t\t\t<\/div>\n\t\t<div class=\"elementor-element elementor-element-7cc7af8 e-con-full e-flex e-con e-child\" data-id=\"7cc7af8\" data-element_type=\"container\" data-e-type=\"container\">\n\t\t\t\t<div class=\"elementor-element elementor-element-1c23071 elementor-widget elementor-widget-heading\" data-id=\"1c23071\" data-element_type=\"widget\" data-e-type=\"widget\" data-widget_type=\"heading.default\">\n\t\t\t\t\t<h2 class=\"elementor-heading-title elementor-size-default\">Nous vous accompagnons durant toute la dur\u00e9e des travaux pour garantir la fid\u00e9lit\u00e9 au projet initial. De la coordination des diff\u00e9rents corps d'\u00e9tat aux <b>visites de chantier r\u00e9guli\u00e8res<\/b>, nous veillons au <b>respect des d\u00e9lais <\/b>et de la qualit\u00e9 de mise en \u0153uvre. Nous pilotons chaque d\u00e9tail technique et esth\u00e9tique jusqu'\u00e0 la <b>r\u00e9ception de votre int\u00e9rieur<\/b>.<\/h2>\t\t\t\t<\/div>\n\t\t\t\t<\/div>\n\t\t\t\t\t<\/div>\n\t\t\t\t<\/div>\n\t\t\t\t<\/div>\n\t\t","protected":false},"excerpt":{"rendered":"<p>LE PORTFOLIO LA M\u00c9THODE LE STUDIO CONTACT LA M\u00c9THODE Parce qu\u2019un beau projet est avant tout un projet ma\u00eetris\u00e9. De l\u2019esquisse 3D \u00e0 la remise des cl\u00e9s, nous avons structur\u00e9 notre accompagnement en trois phases. Une m\u00e9thode rigoureuse et transparente, pens\u00e9e pour transformer vos envies en une r\u00e9alit\u00e9 concr\u00e8te, sans zone d\u2019ombre. 01 Conception &amp; [&hellip;]<\/p>\n","protected":false},"author":1,"featured_media":0,"parent":0,"menu_order":0,"comment_status":"closed","ping_status":"closed","template":"elementor_canvas","meta":{"footnotes":""},"class_list":["post-125","page","type-page","status-publish","hentry"],"_links":{"self":[{"href":"https:\/\/www.polette-studio.fr\/index.php\/wp-json\/wp\/v2\/pages\/125","targetHints":{"allow":["GET"]}}],"collection":[{"href":"https:\/\/www.polette-studio.fr\/index.php\/wp-json\/wp\/v2\/pages"}],"about":[{"href":"https:\/\/www.polette-studio.fr\/index.php\/wp-json\/wp\/v2\/types\/page"}],"author":[{"embeddable":true,"href":"https:\/\/www.polette-studio.fr\/index.php\/wp-json\/wp\/v2\/users\/1"}],"replies":[{"embeddable":true,"href":"https:\/\/www.polette-studio.fr\/index.php\/wp-json\/wp\/v2\/comments?post=125"}],"version-history":[{"count":79,"href":"https:\/\/www.polette-studio.fr\/index.php\/wp-json\/wp\/v2\/pages\/125\/revisions"}],"predecessor-version":[{"id":536,"href":"https:\/\/www.polette-studio.fr\/index.php\/wp-json\/wp\/v2\/pages\/125\/revisions\/536"}],"wp:attachment":[{"href":"https:\/\/www.polette-studio.fr\/index.php\/wp-json\/wp\/v2\/media?parent=125"}],"curies":[{"name":"wp","href":"https:\/\/api.w.org\/{rel}","templated":true}]}}