{"id":157,"date":"2026-03-11T17:18:55","date_gmt":"2026-03-11T17:18:55","guid":{"rendered":"http:\/\/xcnamfo.cluster121.hosting.ovh.net\/?page_id=157"},"modified":"2026-03-14T10:58:10","modified_gmt":"2026-03-14T09:58:10","slug":"contact","status":"publish","type":"page","link":"https:\/\/www.polette-studio.fr\/index.php\/contact\/","title":{"rendered":"CONTACT"},"content":{"rendered":"\t\t<div data-elementor-type=\"wp-page\" data-elementor-id=\"157\" class=\"elementor elementor-157\">\n\t\t\t\t<div class=\"elementor-element elementor-element-457d33d7 e-flex e-con-boxed e-con e-parent\" data-id=\"457d33d7\" data-element_type=\"container\" data-e-type=\"container\">\n\t\t\t\t\t<div class=\"e-con-inner\">\n\t\t<div class=\"elementor-element elementor-element-1f4a3802 e-con-full e-flex e-con e-child\" data-id=\"1f4a3802\" data-element_type=\"container\" data-e-type=\"container\">\n\t\t\t\t<div class=\"elementor-element elementor-element-e81f104 elementor-position-inline-start elementor-view-default elementor-mobile-position-block-start elementor-widget elementor-widget-icon-box\" data-id=\"e81f104\" data-element_type=\"widget\" data-e-type=\"widget\" data-widget_type=\"icon-box.default\">\n\t\t\t\t\t\t\t<div class=\"elementor-icon-box-wrapper\">\n\n\t\t\t\t\t\t<div class=\"elementor-icon-box-icon\">\n\t\t\t\t<a href=\"https:\/\/www.polette-studio.fr\/index.php\/home\/\" class=\"elementor-icon\" tabindex=\"-1\">\n\t\t\t\t<svg xmlns=\"http:\/\/www.w3.org\/2000\/svg\" width=\"500\" height=\"500\" viewBox=\"0 0 375 375\" preserveAspectRatio=\"xMidYMid meet\"><defs><clipPath id=\"a2eb183739\"><rect x=\"0\" width=\"89\" y=\"0\" height=\"150\"><\/rect><\/clipPath><clipPath id=\"53f8793656\"><rect x=\"0\" width=\"77\" y=\"0\" height=\"151\"><\/rect><\/clipPath><clipPath id=\"70811822eb\"><path d=\"M 103.9 133.1 L 249.9 133.1 L 249.9 279.7 L 103.9 279.7 Z\"><\/path><\/clipPath><clipPath id=\"79f65ec99e\"><path d=\"M 103.9 279.7 C 103.9 241.3 119.5 203.7 146.7 176.5 C 173.8 149.3 211.5 133.7 249.9 133.7 L 249.9 208.2 C 231.1 208.2 212.7 215.8 199.3 229.2 C 186 242.5 178.4 260.9 178.4 279.7 Z\"><\/path><\/clipPath><clipPath id=\"e83dc9971c\"><path d=\"M 0.9 0.6 L 146.9 0.6 L 146.9 146.7 L 0.9 146.7 Z\"><\/path><\/clipPath><clipPath id=\"4bb902e010\"><path d=\"M 0.9 146.7 C 0.9 108.3 16.5 70.7 43.7 43.5 C 70.8 16.3 108.5 0.7 146.9 0.7 L 146.9 75.2 C 128.1 75.2 109.7 82.8 96.3 96.2 C 83 109.5 75.4 127.9 75.4 146.7 Z\"><\/path><\/clipPath><\/defs><rect x=\"0\" y=\"0\" width=\"375\" height=\"375\" fill=\"#fff9f1\"><\/rect><g transform=\"translate(93, 51)\"><g clip-path=\"url(#a2eb183739)\"><path fill=\"#9bc1f9\" d=\"M 36.8 123.3 L 5.2 123.3 L 5.2 35.8 L 50.5 35.8 C 57.7 35.9 64.1 37.1 69.6 39.4 C 75.1 41.7 79.4 45.1 82.5 49.6 C 85.6 54.2 87.1 59.9 87.1 66.9 C 87.1 73.8 85.6 79.5 82.6 84.1 C 79.5 88.7 75.3 92.3 69.8 94.6 C 64.3 97 57.8 98.2 50.4 98.2 L 33.9 98.2 Z M 33.9 73.2 L 33.9 82.9 L 49.4 82.9 C 55.3 82.9 58.3 81.3 58.3 78.1 C 58.3 76.1 57.4 74.7 55.6 74.1 C 53.9 73.5 51.8 73.2 49.5 73.2 Z\"><\/path><\/g><\/g><g transform=\"translate(198, 172)\"><g clip-path=\"url(#53f8793656)\"><path fill=\"#9bc1f9\" d=\"M 38.5 125.9 C 27.3 125.9 18.6 123 12.2 117.1 C 5.9 111.2 2.7 103.1 2.7 92.8 C 2.7 82.4 5.9 74.2 12.2 68.4 C 18.6 62.6 27.3 59.6 38.5 59.6 C 49.8 59.6 58.6 62.6 65 68.4 C 71.3 74.2 74.5 82.4 74.5 92.8 C 74.5 103.1 71.3 111.2 65 117.1 C 58.6 123 49.8 125.9 38.5 125.9 Z M 38.5 99.6 C 46.8 99.6 51 97.9 51 94.7 C 51 93.2 50 92 47.9 91.1 C 45.8 90.1 42.7 89.7 38.5 89.7 C 34.5 89.7 31.4 90.1 29.4 91.1 C 27.3 92 26.2 93.2 26.2 94.7 C 26.2 97.9 30.3 99.6 38.5 99.6 Z\"><\/path><\/g><\/g><g clip-path=\"url(#70811822eb)\"><g clip-path=\"url(#79f65ec99e)\"><path fill=\"#9bc1f9\" d=\"M 104.8 133.9 L 250.8 133.9 L 250.8 279.9 L 104.8 279.9 Z\"><\/path><\/g><\/g><\/svg>\t\t\t\t<\/a>\n\t\t\t<\/div>\n\t\t\t\n\t\t\t\n\t\t<\/div>\n\t\t\t\t\t\t<\/div>\n\t\t\t\t<\/div>\n\t\t<div class=\"elementor-element elementor-element-1ae128d7 e-con-full e-flex e-con e-child\" data-id=\"1ae128d7\" data-element_type=\"container\" data-e-type=\"container\">\n\t\t\t\t<div class=\"elementor-element elementor-element-654c9f4e elementor-icon-list--layout-inline elementor-list-item-link-inline elementor-align-end elementor-widget__width-auto elementor-widget elementor-widget-icon-list\" data-id=\"654c9f4e\" data-element_type=\"widget\" data-e-type=\"widget\" data-widget_type=\"icon-list.default\">\n\t\t\t\t\t\t\t<ul class=\"elementor-icon-list-items elementor-inline-items\">\n\t\t\t\t\t\t\t<li class=\"elementor-icon-list-item elementor-inline-item\">\n\t\t\t\t\t\t\t\t\t\t\t<a href=\"https:\/\/www.polette-studio.fr\/index.php\/le-portfolio\/\">\n\n\t\t\t\t\t\t\t\t\t\t\t<span class=\"elementor-icon-list-text\">LE PORTFOLIO<\/span>\n\t\t\t\t\t\t\t\t\t\t\t<\/a>\n\t\t\t\t\t\t\t\t\t<\/li>\n\t\t\t\t\t\t\t\t<li class=\"elementor-icon-list-item elementor-inline-item\">\n\t\t\t\t\t\t\t\t\t\t\t<a href=\"https:\/\/www.polette-studio.fr\/index.php\/la-methode\/\">\n\n\t\t\t\t\t\t\t\t\t\t\t<span class=\"elementor-icon-list-text\">LA M\u00c9THODE<\/span>\n\t\t\t\t\t\t\t\t\t\t\t<\/a>\n\t\t\t\t\t\t\t\t\t<\/li>\n\t\t\t\t\t\t\t\t<li class=\"elementor-icon-list-item elementor-inline-item\">\n\t\t\t\t\t\t\t\t\t\t\t<a href=\"https:\/\/www.polette-studio.fr\/index.php\/le-studio\/\">\n\n\t\t\t\t\t\t\t\t\t\t\t<span class=\"elementor-icon-list-text\">LE STUDIO<\/span>\n\t\t\t\t\t\t\t\t\t\t\t<\/a>\n\t\t\t\t\t\t\t\t\t<\/li>\n\t\t\t\t\t\t\t\t<li class=\"elementor-icon-list-item elementor-inline-item\">\n\t\t\t\t\t\t\t\t\t\t\t<a href=\"https:\/\/www.polette-studio.fr\/index.php\/contact\/\">\n\n\t\t\t\t\t\t\t\t\t\t\t<span class=\"elementor-icon-list-text\">CONTACT<\/span>\n\t\t\t\t\t\t\t\t\t\t\t<\/a>\n\t\t\t\t\t\t\t\t\t<\/li>\n\t\t\t\t\t\t<\/ul>\n\t\t\t\t\t\t<\/div>\n\t\t\t\t<\/div>\n\t\t\t\t\t<\/div>\n\t\t\t\t<\/div>\n\t\t<div class=\"elementor-element elementor-element-5ede5370 e-flex e-con-boxed e-con e-parent\" data-id=\"5ede5370\" data-element_type=\"container\" data-e-type=\"container\">\n\t\t\t\t\t<div class=\"e-con-inner\">\n\t\t\t\t<div class=\"elementor-element elementor-element-25f158c5 elementor-widget elementor-widget-heading\" data-id=\"25f158c5\" data-element_type=\"widget\" data-e-type=\"widget\" data-widget_type=\"heading.default\">\n\t\t\t\t\t<h2 class=\"elementor-heading-title elementor-size-default\">CONTACT<\/h2>\t\t\t\t<\/div>\n\t\t\t\t\t<\/div>\n\t\t\t\t<\/div>\n\t\t<div class=\"elementor-element elementor-element-2ab8437c e-flex e-con-boxed e-con e-parent\" data-id=\"2ab8437c\" data-element_type=\"container\" data-e-type=\"container\">\n\t\t\t\t\t<div class=\"e-con-inner\">\n\t\t\t\t<div class=\"elementor-element elementor-element-6f6d6dd1 elementor-widget__width-auto elementor-widget elementor-widget-heading\" data-id=\"6f6d6dd1\" data-element_type=\"widget\" data-e-type=\"widget\" data-widget_type=\"heading.default\">\n\t\t\t\t\t<h2 class=\"elementor-heading-title elementor-size-default\"><b>Chaque projet commence par un \u00e9change.<br><\/b>Que vous soyez \u00e0 Paris, dans le Morbihan ou \u00e0 La R\u00e9union, nous \u00e9tudions votre demande pour en \u00e9valuer la faisabilit\u00e9 et le potentiel.<\/h2>\t\t\t\t<\/div>\n\t\t\t\t\t<\/div>\n\t\t\t\t<\/div>\n\t\t<div class=\"elementor-element elementor-element-6dfd2604 e-flex e-con-boxed e-con e-parent\" data-id=\"6dfd2604\" data-element_type=\"container\" data-e-type=\"container\">\n\t\t\t\t\t<div class=\"e-con-inner\">\n\t\t\t\t<div class=\"elementor-element elementor-element-56ecb0b0 elementor-button-info elementor-align-center elementor-widget elementor-widget-button\" data-id=\"56ecb0b0\" data-element_type=\"widget\" data-e-type=\"widget\" data-widget_type=\"button.default\">\n\t\t\t\t\t\t\t\t\t\t<a class=\"elementor-button elementor-button-link elementor-size-sm\" href=\"https:\/\/calendly.com\/elea-polette-studio\/30min\">\n\t\t\t\t\t\t<span class=\"elementor-button-content-wrapper\">\n\t\t\t\t\t\t\t\t\t<span class=\"elementor-button-text\">R\u00e9server un premier \u00e9change<\/span>\n\t\t\t\t\t<\/span>\n\t\t\t\t\t<\/a>\n\t\t\t\t\t\t\t\t<\/div>\n\t\t\t\t\t<\/div>\n\t\t\t\t<\/div>\n\t\t<div class=\"elementor-element elementor-element-0624146 e-flex e-con-boxed e-con e-parent\" data-id=\"0624146\" data-element_type=\"container\" data-e-type=\"container\">\n\t\t\t\t\t<div class=\"e-con-inner\">\n\t\t\t\t<div class=\"elementor-element elementor-element-ce49e3d elementor-widget__width-auto elementor-widget elementor-widget-heading\" data-id=\"ce49e3d\" data-element_type=\"widget\" data-e-type=\"widget\" data-widget_type=\"heading.default\">\n\t\t\t\t\t<h2 class=\"elementor-heading-title elementor-size-default\">\u00c9change gratuit de 15 minutes pour faire connaissance et comprendre votre projet.<\/h2>\t\t\t\t<\/div>\n\t\t\t\t\t<\/div>\n\t\t\t\t<\/div>\n\t\t\t\t<\/div>\n\t\t","protected":false},"excerpt":{"rendered":"<p>LE PORTFOLIO LA M\u00c9THODE LE STUDIO CONTACT CONTACT Chaque projet commence par un \u00e9change.Que vous soyez \u00e0 Paris, dans le Morbihan ou \u00e0 La R\u00e9union, nous \u00e9tudions votre demande pour en \u00e9valuer la faisabilit\u00e9 et le potentiel. R\u00e9server un premier \u00e9change \u00c9change gratuit de 15 minutes pour faire connaissance et comprendre votre projet.<\/p>\n","protected":false},"author":1,"featured_media":0,"parent":0,"menu_order":0,"comment_status":"closed","ping_status":"closed","template":"elementor_canvas","meta":{"footnotes":""},"class_list":["post-157","page","type-page","status-publish","hentry"],"_links":{"self":[{"href":"https:\/\/www.polette-studio.fr\/index.php\/wp-json\/wp\/v2\/pages\/157","targetHints":{"allow":["GET"]}}],"collection":[{"href":"https:\/\/www.polette-studio.fr\/index.php\/wp-json\/wp\/v2\/pages"}],"about":[{"href":"https:\/\/www.polette-studio.fr\/index.php\/wp-json\/wp\/v2\/types\/page"}],"author":[{"embeddable":true,"href":"https:\/\/www.polette-studio.fr\/index.php\/wp-json\/wp\/v2\/users\/1"}],"replies":[{"embeddable":true,"href":"https:\/\/www.polette-studio.fr\/index.php\/wp-json\/wp\/v2\/comments?post=157"}],"version-history":[{"count":44,"href":"https:\/\/www.polette-studio.fr\/index.php\/wp-json\/wp\/v2\/pages\/157\/revisions"}],"predecessor-version":[{"id":530,"href":"https:\/\/www.polette-studio.fr\/index.php\/wp-json\/wp\/v2\/pages\/157\/revisions\/530"}],"wp:attachment":[{"href":"https:\/\/www.polette-studio.fr\/index.php\/wp-json\/wp\/v2\/media?parent=157"}],"curies":[{"name":"wp","href":"https:\/\/api.w.org\/{rel}","templated":true}]}}