{"id":179,"date":"2026-03-12T08:35:18","date_gmt":"2026-03-12T08:35:18","guid":{"rendered":"http:\/\/xcnamfo.cluster121.hosting.ovh.net\/?page_id=179"},"modified":"2026-03-14T11:14:37","modified_gmt":"2026-03-14T10:14:37","slug":"le-studio","status":"publish","type":"page","link":"https:\/\/www.polette-studio.fr\/index.php\/le-studio\/","title":{"rendered":"LE STUDIO"},"content":{"rendered":"\t\t<div data-elementor-type=\"wp-page\" data-elementor-id=\"179\" class=\"elementor elementor-179\">\n\t\t\t\t<div class=\"elementor-element elementor-element-21f7652a e-flex e-con-boxed e-con e-parent\" data-id=\"21f7652a\" data-element_type=\"container\" data-e-type=\"container\">\n\t\t\t\t\t<div class=\"e-con-inner\">\n\t\t<div class=\"elementor-element elementor-element-6b5b351f e-con-full e-flex e-con e-child\" data-id=\"6b5b351f\" data-element_type=\"container\" data-e-type=\"container\">\n\t\t\t\t<div class=\"elementor-element elementor-element-69d87fab elementor-position-inline-start elementor-view-default elementor-mobile-position-block-start elementor-widget elementor-widget-icon-box\" data-id=\"69d87fab\" data-element_type=\"widget\" data-e-type=\"widget\" data-widget_type=\"icon-box.default\">\n\t\t\t\t\t\t\t<div class=\"elementor-icon-box-wrapper\">\n\n\t\t\t\t\t\t<div class=\"elementor-icon-box-icon\">\n\t\t\t\t<a href=\"https:\/\/www.polette-studio.fr\/index.php\/home\/\" class=\"elementor-icon\" tabindex=\"-1\">\n\t\t\t\t<svg xmlns=\"http:\/\/www.w3.org\/2000\/svg\" width=\"500\" height=\"500\" viewBox=\"0 0 375 375\" preserveAspectRatio=\"xMidYMid meet\"><defs><clipPath id=\"a2eb183739\"><rect x=\"0\" width=\"89\" y=\"0\" height=\"150\"><\/rect><\/clipPath><clipPath id=\"53f8793656\"><rect x=\"0\" width=\"77\" y=\"0\" height=\"151\"><\/rect><\/clipPath><clipPath id=\"70811822eb\"><path d=\"M 103.9 133.1 L 249.9 133.1 L 249.9 279.7 L 103.9 279.7 Z\"><\/path><\/clipPath><clipPath id=\"79f65ec99e\"><path d=\"M 103.9 279.7 C 103.9 241.3 119.5 203.7 146.7 176.5 C 173.8 149.3 211.5 133.7 249.9 133.7 L 249.9 208.2 C 231.1 208.2 212.7 215.8 199.3 229.2 C 186 242.5 178.4 260.9 178.4 279.7 Z\"><\/path><\/clipPath><clipPath id=\"e83dc9971c\"><path d=\"M 0.9 0.6 L 146.9 0.6 L 146.9 146.7 L 0.9 146.7 Z\"><\/path><\/clipPath><clipPath id=\"4bb902e010\"><path d=\"M 0.9 146.7 C 0.9 108.3 16.5 70.7 43.7 43.5 C 70.8 16.3 108.5 0.7 146.9 0.7 L 146.9 75.2 C 128.1 75.2 109.7 82.8 96.3 96.2 C 83 109.5 75.4 127.9 75.4 146.7 Z\"><\/path><\/clipPath><\/defs><rect x=\"0\" y=\"0\" width=\"375\" height=\"375\" fill=\"#fff9f1\"><\/rect><g transform=\"translate(93, 51)\"><g clip-path=\"url(#a2eb183739)\"><path fill=\"#9bc1f9\" d=\"M 36.8 123.3 L 5.2 123.3 L 5.2 35.8 L 50.5 35.8 C 57.7 35.9 64.1 37.1 69.6 39.4 C 75.1 41.7 79.4 45.1 82.5 49.6 C 85.6 54.2 87.1 59.9 87.1 66.9 C 87.1 73.8 85.6 79.5 82.6 84.1 C 79.5 88.7 75.3 92.3 69.8 94.6 C 64.3 97 57.8 98.2 50.4 98.2 L 33.9 98.2 Z M 33.9 73.2 L 33.9 82.9 L 49.4 82.9 C 55.3 82.9 58.3 81.3 58.3 78.1 C 58.3 76.1 57.4 74.7 55.6 74.1 C 53.9 73.5 51.8 73.2 49.5 73.2 Z\"><\/path><\/g><\/g><g transform=\"translate(198, 172)\"><g clip-path=\"url(#53f8793656)\"><path fill=\"#9bc1f9\" d=\"M 38.5 125.9 C 27.3 125.9 18.6 123 12.2 117.1 C 5.9 111.2 2.7 103.1 2.7 92.8 C 2.7 82.4 5.9 74.2 12.2 68.4 C 18.6 62.6 27.3 59.6 38.5 59.6 C 49.8 59.6 58.6 62.6 65 68.4 C 71.3 74.2 74.5 82.4 74.5 92.8 C 74.5 103.1 71.3 111.2 65 117.1 C 58.6 123 49.8 125.9 38.5 125.9 Z M 38.5 99.6 C 46.8 99.6 51 97.9 51 94.7 C 51 93.2 50 92 47.9 91.1 C 45.8 90.1 42.7 89.7 38.5 89.7 C 34.5 89.7 31.4 90.1 29.4 91.1 C 27.3 92 26.2 93.2 26.2 94.7 C 26.2 97.9 30.3 99.6 38.5 99.6 Z\"><\/path><\/g><\/g><g clip-path=\"url(#70811822eb)\"><g clip-path=\"url(#79f65ec99e)\"><path fill=\"#9bc1f9\" d=\"M 104.8 133.9 L 250.8 133.9 L 250.8 279.9 L 104.8 279.9 Z\"><\/path><\/g><\/g><\/svg>\t\t\t\t<\/a>\n\t\t\t<\/div>\n\t\t\t\n\t\t\t\n\t\t<\/div>\n\t\t\t\t\t\t<\/div>\n\t\t\t\t<\/div>\n\t\t<div class=\"elementor-element elementor-element-49eb4eed e-con-full e-flex e-con e-child\" data-id=\"49eb4eed\" data-element_type=\"container\" data-e-type=\"container\">\n\t\t\t\t<div class=\"elementor-element elementor-element-d6aeeef elementor-icon-list--layout-inline elementor-list-item-link-inline elementor-align-end elementor-widget__width-auto elementor-widget elementor-widget-icon-list\" data-id=\"d6aeeef\" data-element_type=\"widget\" data-e-type=\"widget\" data-widget_type=\"icon-list.default\">\n\t\t\t\t\t\t\t<ul class=\"elementor-icon-list-items elementor-inline-items\">\n\t\t\t\t\t\t\t<li class=\"elementor-icon-list-item elementor-inline-item\">\n\t\t\t\t\t\t\t\t\t\t\t<a href=\"https:\/\/www.polette-studio.fr\/index.php\/le-portfolio\/\">\n\n\t\t\t\t\t\t\t\t\t\t\t<span class=\"elementor-icon-list-text\">LE PORTFOLIO<\/span>\n\t\t\t\t\t\t\t\t\t\t\t<\/a>\n\t\t\t\t\t\t\t\t\t<\/li>\n\t\t\t\t\t\t\t\t<li class=\"elementor-icon-list-item elementor-inline-item\">\n\t\t\t\t\t\t\t\t\t\t\t<a href=\"https:\/\/www.polette-studio.fr\/index.php\/la-methode\/\">\n\n\t\t\t\t\t\t\t\t\t\t\t<span class=\"elementor-icon-list-text\">LA M\u00c9THODE<\/span>\n\t\t\t\t\t\t\t\t\t\t\t<\/a>\n\t\t\t\t\t\t\t\t\t<\/li>\n\t\t\t\t\t\t\t\t<li class=\"elementor-icon-list-item elementor-inline-item\">\n\t\t\t\t\t\t\t\t\t\t\t<a href=\"https:\/\/www.polette-studio.fr\/index.php\/le-studio\/\">\n\n\t\t\t\t\t\t\t\t\t\t\t<span class=\"elementor-icon-list-text\">LE STUDIO<\/span>\n\t\t\t\t\t\t\t\t\t\t\t<\/a>\n\t\t\t\t\t\t\t\t\t<\/li>\n\t\t\t\t\t\t\t\t<li class=\"elementor-icon-list-item elementor-inline-item\">\n\t\t\t\t\t\t\t\t\t\t\t<a href=\"https:\/\/www.polette-studio.fr\/index.php\/contact\/\">\n\n\t\t\t\t\t\t\t\t\t\t\t<span class=\"elementor-icon-list-text\">CONTACT<\/span>\n\t\t\t\t\t\t\t\t\t\t\t<\/a>\n\t\t\t\t\t\t\t\t\t<\/li>\n\t\t\t\t\t\t<\/ul>\n\t\t\t\t\t\t<\/div>\n\t\t\t\t<\/div>\n\t\t\t\t\t<\/div>\n\t\t\t\t<\/div>\n\t\t<div class=\"elementor-element elementor-element-25f6b034 e-flex e-con-boxed e-con e-parent\" data-id=\"25f6b034\" data-element_type=\"container\" data-e-type=\"container\">\n\t\t\t\t\t<div class=\"e-con-inner\">\n\t\t\t\t<div class=\"elementor-element elementor-element-301f8da3 elementor-widget elementor-widget-heading\" data-id=\"301f8da3\" data-element_type=\"widget\" data-e-type=\"widget\" data-widget_type=\"heading.default\">\n\t\t\t\t\t<h2 class=\"elementor-heading-title elementor-size-default\">LE STUDIO<\/h2>\t\t\t\t<\/div>\n\t\t\t\t\t<\/div>\n\t\t\t\t<\/div>\n\t\t<div class=\"elementor-element elementor-element-59c11195 e-flex e-con-boxed e-con e-parent\" data-id=\"59c11195\" data-element_type=\"container\" data-e-type=\"container\">\n\t\t\t\t\t<div class=\"e-con-inner\">\n\t\t\t\t<div class=\"elementor-element elementor-element-4a3f8588 elementor-widget elementor-widget-heading\" data-id=\"4a3f8588\" data-element_type=\"widget\" data-e-type=\"widget\" data-widget_type=\"heading.default\">\n\t\t\t\t\t<h2 class=\"elementor-heading-title elementor-size-default\">Bas\u00e9 aux Batignolles, le Studio Polette allie <b data-path-to-node=\"4,0,0\" data-index-in-node=\"56\">rigueur technique<\/b> et <b data-path-to-node=\"4,0,0\" data-index-in-node=\"77\">douceur solaire<\/b>. De Paris au Morbihan, jusqu'aux horizons de La R\u00e9union, nous cr\u00e9ons des lieux qui respirent.<\/h2>\t\t\t\t<\/div>\n\t\t\t\t\t<\/div>\n\t\t\t\t<\/div>\n\t\t<div class=\"elementor-element elementor-element-762db025 e-flex e-con-boxed e-con e-parent\" data-id=\"762db025\" data-element_type=\"container\" data-e-type=\"container\">\n\t\t\t\t\t<div class=\"e-con-inner\">\n\t\t<div class=\"elementor-element elementor-element-7bb613c9 e-con-full e-flex e-con e-child\" data-id=\"7bb613c9\" data-element_type=\"container\" data-e-type=\"container\">\n\t\t\t\t<div class=\"elementor-element elementor-element-7cf7b5b elementor-widget elementor-widget-image\" data-id=\"7cf7b5b\" data-element_type=\"widget\" data-e-type=\"widget\" data-widget_type=\"image.default\">\n\t\t\t\t\t\t\t\t\t\t\t\t\t\t\t<img fetchpriority=\"high\" decoding=\"async\" width=\"745\" height=\"1024\" src=\"https:\/\/www.polette-studio.fr\/wp-content\/uploads\/2026\/03\/IMG_9897-745x1024.jpeg\" class=\"attachment-large size-large wp-image-187\" alt=\"\" srcset=\"https:\/\/www.polette-studio.fr\/wp-content\/uploads\/2026\/03\/IMG_9897-745x1024.jpeg 745w, https:\/\/www.polette-studio.fr\/wp-content\/uploads\/2026\/03\/IMG_9897-218x300.jpeg 218w, https:\/\/www.polette-studio.fr\/wp-content\/uploads\/2026\/03\/IMG_9897-768x1055.jpeg 768w, https:\/\/www.polette-studio.fr\/wp-content\/uploads\/2026\/03\/IMG_9897-1118x1536.jpeg 1118w, https:\/\/www.polette-studio.fr\/wp-content\/uploads\/2026\/03\/IMG_9897-1491x2048.jpeg 1491w, https:\/\/www.polette-studio.fr\/wp-content\/uploads\/2026\/03\/IMG_9897-scaled.jpeg 1863w\" sizes=\"(max-width: 745px) 100vw, 745px\" \/>\t\t\t\t\t\t\t\t\t\t\t\t\t\t\t<\/div>\n\t\t\t\t<\/div>\n\t\t<div class=\"elementor-element elementor-element-2a3fd592 e-con-full e-flex e-con e-child\" data-id=\"2a3fd592\" data-element_type=\"container\" data-e-type=\"container\">\n\t\t\t\t<div class=\"elementor-element elementor-element-6367912b elementor-widget elementor-widget-heading\" data-id=\"6367912b\" data-element_type=\"widget\" data-e-type=\"widget\" data-widget_type=\"heading.default\">\n\t\t\t\t\t<h2 class=\"elementor-heading-title elementor-size-default\">ElEa<\/h2>\t\t\t\t<\/div>\n\t\t\t\t<div class=\"elementor-element elementor-element-43e2980 elementor-widget elementor-widget-heading\" data-id=\"43e2980\" data-element_type=\"widget\" data-e-type=\"widget\" data-widget_type=\"heading.default\">\n\t\t\t\t\t<h2 class=\"elementor-heading-title elementor-size-default\">FONDATRICE<\/h2>\t\t\t\t<\/div>\n\t\t\t\t<div class=\"elementor-element elementor-element-afa8f87 elementor-widget elementor-widget-heading\" data-id=\"afa8f87\" data-element_type=\"widget\" data-e-type=\"widget\" data-widget_type=\"heading.default\">\n\t\t\t\t\t<h2 class=\"elementor-heading-title elementor-size-default\"><p data-path-to-node=\"8,1,0\">Ancienne <b data-path-to-node=\"8,1,0\" data-index-in-node=\"19\">Product Manager dans la Tech<\/b>, j'aborde l'architecture avec une pr\u00e9cision chirurgicale. Je ne con\u00e7ois pas seulement des d\u00e9cors, je <b data-path-to-node=\"8,1,0\" data-index-in-node=\"149\">structure des espaces de vie<\/b>.<\/p><br><p data-path-to-node=\"8,1,0\">Mon r\u00f4le ? Arbitrer, prioriser et transformer vos contraintes techniques en solutions fluides. Un projet ma\u00eetris\u00e9, du premier trac\u00e9 au dernier jour de chantier.<\/h2>\t\t\t\t<\/div>\n\t\t\t\t<\/div>\n\t\t\t\t\t<\/div>\n\t\t\t\t<\/div>\n\t\t<div class=\"elementor-element elementor-element-7303e00a e-flex e-con-boxed e-con e-parent\" data-id=\"7303e00a\" data-element_type=\"container\" data-e-type=\"container\">\n\t\t\t\t\t<div class=\"e-con-inner\">\n\t\t\t\t<div class=\"elementor-element elementor-element-baf98eb elementor-widget elementor-widget-heading\" data-id=\"baf98eb\" data-element_type=\"widget\" data-e-type=\"widget\" data-widget_type=\"heading.default\">\n\t\t\t\t\t<h2 class=\"elementor-heading-title elementor-size-default\">Les Valeurs du Studio<\/h2>\t\t\t\t<\/div>\n\t\t\t\t\t<\/div>\n\t\t\t\t<\/div>\n\t\t<div class=\"elementor-element elementor-element-9f752fe e-flex e-con-boxed e-con e-parent\" data-id=\"9f752fe\" data-element_type=\"container\" data-e-type=\"container\">\n\t\t\t\t\t<div class=\"e-con-inner\">\n\t\t<div class=\"elementor-element elementor-element-ffc72c1 e-con-full e-flex e-con e-child\" data-id=\"ffc72c1\" data-element_type=\"container\" data-e-type=\"container\">\n\t\t\t\t<div class=\"elementor-element elementor-element-f8633b0 elementor-widget elementor-widget-heading\" data-id=\"f8633b0\" data-element_type=\"widget\" data-e-type=\"widget\" data-widget_type=\"heading.default\">\n\t\t\t\t\t<h2 class=\"elementor-heading-title elementor-size-default\"><b>CONFIDENTIEL<\/b><\/h2>\t\t\t\t<\/div>\n\t\t\t\t<div class=\"elementor-element elementor-element-99a6d5a elementor-widget elementor-widget-heading\" data-id=\"99a6d5a\" data-element_type=\"widget\" data-e-type=\"widget\" data-widget_type=\"heading.default\">\n\t\t\t\t\t<h2 class=\"elementor-heading-title elementor-size-default\"><b>Un accompagnement d\u00e9di\u00e9<\/b><\/h2>\t\t\t\t<\/div>\n\t\t\t\t<div class=\"elementor-element elementor-element-abd8e5f elementor-widget elementor-widget-heading\" data-id=\"abd8e5f\" data-element_type=\"widget\" data-e-type=\"widget\" data-widget_type=\"heading.default\">\n\t\t\t\t\t<h2 class=\"elementor-heading-title elementor-size-default\">Nous limitons le nombre de projets pour garantir une disponibilit\u00e9 totale. Chaque client b\u00e9n\u00e9ficie d'un interlocuteur unique capable d'arbitrer les d\u00e9cisions strat\u00e9giques avec une vision 360\u00b0.<\/h2>\t\t\t\t<\/div>\n\t\t\t\t<\/div>\n\t\t<div class=\"elementor-element elementor-element-94ea7b9 e-con-full e-flex e-con e-child\" data-id=\"94ea7b9\" data-element_type=\"container\" data-e-type=\"container\">\n\t\t\t\t<div class=\"elementor-element elementor-element-ea9ef15 elementor-widget elementor-widget-heading\" data-id=\"ea9ef15\" data-element_type=\"widget\" data-e-type=\"widget\" data-widget_type=\"heading.default\">\n\t\t\t\t\t<h2 class=\"elementor-heading-title elementor-size-default\"><b>SOLAIRE<\/b><\/h2>\t\t\t\t<\/div>\n\t\t\t\t<div class=\"elementor-element elementor-element-ee013c8 elementor-widget elementor-widget-heading\" data-id=\"ee013c8\" data-element_type=\"widget\" data-e-type=\"widget\" data-widget_type=\"heading.default\">\n\t\t\t\t\t<h2 class=\"elementor-heading-title elementor-size-default\"><b>L'ing\u00e9nierie de la lumi\u00e8re  et des mati\u00e8res<\/b><\/h2>\t\t\t\t<\/div>\n\t\t\t\t<div class=\"elementor-element elementor-element-ce9403a elementor-widget elementor-widget-heading\" data-id=\"ce9403a\" data-element_type=\"widget\" data-e-type=\"widget\" data-widget_type=\"heading.default\">\n\t\t\t\t\t<h2 class=\"elementor-heading-title elementor-size-default\">Nous traitons la lumi\u00e8re comme un mat\u00e9riau de construction. Notre expertise inclut l'\u00e9tude des apports solaires et la conception d'une sc\u00e9nographie lumineuse qui \u00e9volue avec le cycle du jour.<\/h2>\t\t\t\t<\/div>\n\t\t\t\t<\/div>\n\t\t<div class=\"elementor-element elementor-element-371736a e-con-full e-flex e-con e-child\" data-id=\"371736a\" data-element_type=\"container\" data-e-type=\"container\">\n\t\t\t\t<div class=\"elementor-element elementor-element-98d0fe6 elementor-widget elementor-widget-heading\" data-id=\"98d0fe6\" data-element_type=\"widget\" data-e-type=\"widget\" data-widget_type=\"heading.default\">\n\t\t\t\t\t<h2 class=\"elementor-heading-title elementor-size-default\"><b>TECHNIQUE<\/b><\/h2>\t\t\t\t<\/div>\n\t\t\t\t<div class=\"elementor-element elementor-element-b6a4ee3 elementor-widget elementor-widget-heading\" data-id=\"b6a4ee3\" data-element_type=\"widget\" data-e-type=\"widget\" data-widget_type=\"heading.default\">\n\t\t\t\t\t<h2 class=\"elementor-heading-title elementor-size-default\"><b>La culture du livrable et de la faisabilit\u00e9<\/b><\/h2>\t\t\t\t<\/div>\n\t\t\t\t<div class=\"elementor-element elementor-element-f4dab32 elementor-widget elementor-widget-heading\" data-id=\"f4dab32\" data-element_type=\"widget\" data-e-type=\"widget\" data-widget_type=\"heading.default\">\n\t\t\t\t\t<h2 class=\"elementor-heading-title elementor-size-default\">Issus de la culture \"Produit\", nous ne d\u00e9cidons rien qui ne puisse \u00eatre construit. Chaque concept est imm\u00e9diatement confront\u00e9 \u00e0 une \u00e9tude de faisabilit\u00e9 rigoureuse (structure, r\u00e9seaux, flux).<\/h2>\t\t\t\t<\/div>\n\t\t\t\t<\/div>\n\t\t\t\t\t<\/div>\n\t\t\t\t<\/div>\n\t\t<div class=\"elementor-element elementor-element-16a97e7 e-flex e-con-boxed e-con e-parent\" data-id=\"16a97e7\" data-element_type=\"container\" data-e-type=\"container\">\n\t\t\t\t\t<div class=\"e-con-inner\">\n\t\t\t\t<div class=\"elementor-element elementor-element-6d2b3b4 elementor-widget elementor-widget-heading\" data-id=\"6d2b3b4\" data-element_type=\"widget\" data-e-type=\"widget\" data-widget_type=\"heading.default\">\n\t\t\t\t\t<h2 class=\"elementor-heading-title elementor-size-default\">L'expertise technique au service de votre s\u00e9r\u00e9nit\u00e9.<\/h2>\t\t\t\t<\/div>\n\t\t\t\t\t<\/div>\n\t\t\t\t<\/div>\n\t\t<div class=\"elementor-element elementor-element-db69af6 e-flex e-con-boxed e-con e-parent\" data-id=\"db69af6\" data-element_type=\"container\" data-e-type=\"container\">\n\t\t\t\t\t<div class=\"e-con-inner\">\n\t\t<div class=\"elementor-element elementor-element-4705a74 e-con-full e-flex e-con e-child\" data-id=\"4705a74\" data-element_type=\"container\" data-e-type=\"container\">\n\t\t\t\t<div class=\"elementor-element elementor-element-9f36a28 elementor-button-info elementor-align-center elementor-widget elementor-widget-button\" data-id=\"9f36a28\" data-element_type=\"widget\" data-e-type=\"widget\" data-widget_type=\"button.default\">\n\t\t\t\t\t\t\t\t\t\t<a class=\"elementor-button elementor-button-link elementor-size-sm\" href=\"https:\/\/calendly.com\/elea-polette-studio\/30min\">\n\t\t\t\t\t\t<span class=\"elementor-button-content-wrapper\">\n\t\t\t\t\t\t\t\t\t<span class=\"elementor-button-text\">R\u00e9server un premier \u00e9change<\/span>\n\t\t\t\t\t<\/span>\n\t\t\t\t\t<\/a>\n\t\t\t\t\t\t\t\t<\/div>\n\t\t\t\t<\/div>\n\t\t\t\t\t<\/div>\n\t\t\t\t<\/div>\n\t\t\t\t<\/div>\n\t\t","protected":false},"excerpt":{"rendered":"<p>LE PORTFOLIO LA M\u00c9THODE LE STUDIO CONTACT LE STUDIO Bas\u00e9 aux Batignolles, le Studio Polette allie rigueur technique et douceur solaire. De Paris au Morbihan, jusqu&rsquo;aux horizons de La R\u00e9union, nous cr\u00e9ons des lieux qui respirent. ElEa FONDATRICE Ancienne Product Manager dans la Tech, j&rsquo;aborde l&rsquo;architecture avec une pr\u00e9cision chirurgicale. Je ne con\u00e7ois pas seulement [&hellip;]<\/p>\n","protected":false},"author":1,"featured_media":0,"parent":0,"menu_order":0,"comment_status":"closed","ping_status":"closed","template":"elementor_canvas","meta":{"footnotes":""},"class_list":["post-179","page","type-page","status-publish","hentry"],"_links":{"self":[{"href":"https:\/\/www.polette-studio.fr\/index.php\/wp-json\/wp\/v2\/pages\/179","targetHints":{"allow":["GET"]}}],"collection":[{"href":"https:\/\/www.polette-studio.fr\/index.php\/wp-json\/wp\/v2\/pages"}],"about":[{"href":"https:\/\/www.polette-studio.fr\/index.php\/wp-json\/wp\/v2\/types\/page"}],"author":[{"embeddable":true,"href":"https:\/\/www.polette-studio.fr\/index.php\/wp-json\/wp\/v2\/users\/1"}],"replies":[{"embeddable":true,"href":"https:\/\/www.polette-studio.fr\/index.php\/wp-json\/wp\/v2\/comments?post=179"}],"version-history":[{"count":76,"href":"https:\/\/www.polette-studio.fr\/index.php\/wp-json\/wp\/v2\/pages\/179\/revisions"}],"predecessor-version":[{"id":554,"href":"https:\/\/www.polette-studio.fr\/index.php\/wp-json\/wp\/v2\/pages\/179\/revisions\/554"}],"wp:attachment":[{"href":"https:\/\/www.polette-studio.fr\/index.php\/wp-json\/wp\/v2\/media?parent=179"}],"curies":[{"name":"wp","href":"https:\/\/api.w.org\/{rel}","templated":true}]}}