{"id":53,"date":"2026-03-06T16:40:17","date_gmt":"2026-03-06T16:40:17","guid":{"rendered":"http:\/\/xcnamfo.cluster121.hosting.ovh.net\/?page_id=53"},"modified":"2026-03-13T19:30:18","modified_gmt":"2026-03-13T18:30:18","slug":"home","status":"publish","type":"page","link":"https:\/\/www.polette-studio.fr\/","title":{"rendered":"Home"},"content":{"rendered":"\t\t<div data-elementor-type=\"wp-page\" data-elementor-id=\"53\" class=\"elementor elementor-53\">\n\t\t\t\t<div class=\"elementor-element elementor-element-ffdba08 e-flex e-con-boxed e-con e-parent\" data-id=\"ffdba08\" data-element_type=\"container\" data-e-type=\"container\">\n\t\t\t\t\t<div class=\"e-con-inner\">\n\t\t<div class=\"elementor-element elementor-element-20509db e-con-full e-flex e-con e-child\" data-id=\"20509db\" data-element_type=\"container\" data-e-type=\"container\">\n\t\t\t\t<div class=\"elementor-element elementor-element-3357261 elementor-position-inline-start elementor-view-default elementor-mobile-position-block-start elementor-widget elementor-widget-icon-box\" data-id=\"3357261\" data-element_type=\"widget\" data-e-type=\"widget\" data-widget_type=\"icon-box.default\">\n\t\t\t\t\t\t\t<div class=\"elementor-icon-box-wrapper\">\n\n\t\t\t\t\t\t<div class=\"elementor-icon-box-icon\">\n\t\t\t\t<a href=\"https:\/\/www.polette-studio.fr\/index.php\/home\/\" class=\"elementor-icon\" tabindex=\"-1\">\n\t\t\t\t<svg xmlns=\"http:\/\/www.w3.org\/2000\/svg\" width=\"500\" height=\"500\" viewBox=\"0 0 375 375\" preserveAspectRatio=\"xMidYMid meet\"><defs><clipPath id=\"a2eb183739\"><rect x=\"0\" width=\"89\" y=\"0\" height=\"150\"><\/rect><\/clipPath><clipPath id=\"53f8793656\"><rect x=\"0\" width=\"77\" y=\"0\" height=\"151\"><\/rect><\/clipPath><clipPath id=\"70811822eb\"><path d=\"M 103.9 133.1 L 249.9 133.1 L 249.9 279.7 L 103.9 279.7 Z\"><\/path><\/clipPath><clipPath id=\"79f65ec99e\"><path d=\"M 103.9 279.7 C 103.9 241.3 119.5 203.7 146.7 176.5 C 173.8 149.3 211.5 133.7 249.9 133.7 L 249.9 208.2 C 231.1 208.2 212.7 215.8 199.3 229.2 C 186 242.5 178.4 260.9 178.4 279.7 Z\"><\/path><\/clipPath><clipPath id=\"e83dc9971c\"><path d=\"M 0.9 0.6 L 146.9 0.6 L 146.9 146.7 L 0.9 146.7 Z\"><\/path><\/clipPath><clipPath id=\"4bb902e010\"><path d=\"M 0.9 146.7 C 0.9 108.3 16.5 70.7 43.7 43.5 C 70.8 16.3 108.5 0.7 146.9 0.7 L 146.9 75.2 C 128.1 75.2 109.7 82.8 96.3 96.2 C 83 109.5 75.4 127.9 75.4 146.7 Z\"><\/path><\/clipPath><\/defs><rect x=\"0\" y=\"0\" width=\"375\" height=\"375\" fill=\"#fff9f1\"><\/rect><g transform=\"translate(93, 51)\"><g clip-path=\"url(#a2eb183739)\"><path fill=\"#9bc1f9\" d=\"M 36.8 123.3 L 5.2 123.3 L 5.2 35.8 L 50.5 35.8 C 57.7 35.9 64.1 37.1 69.6 39.4 C 75.1 41.7 79.4 45.1 82.5 49.6 C 85.6 54.2 87.1 59.9 87.1 66.9 C 87.1 73.8 85.6 79.5 82.6 84.1 C 79.5 88.7 75.3 92.3 69.8 94.6 C 64.3 97 57.8 98.2 50.4 98.2 L 33.9 98.2 Z M 33.9 73.2 L 33.9 82.9 L 49.4 82.9 C 55.3 82.9 58.3 81.3 58.3 78.1 C 58.3 76.1 57.4 74.7 55.6 74.1 C 53.9 73.5 51.8 73.2 49.5 73.2 Z\"><\/path><\/g><\/g><g transform=\"translate(198, 172)\"><g clip-path=\"url(#53f8793656)\"><path fill=\"#9bc1f9\" d=\"M 38.5 125.9 C 27.3 125.9 18.6 123 12.2 117.1 C 5.9 111.2 2.7 103.1 2.7 92.8 C 2.7 82.4 5.9 74.2 12.2 68.4 C 18.6 62.6 27.3 59.6 38.5 59.6 C 49.8 59.6 58.6 62.6 65 68.4 C 71.3 74.2 74.5 82.4 74.5 92.8 C 74.5 103.1 71.3 111.2 65 117.1 C 58.6 123 49.8 125.9 38.5 125.9 Z M 38.5 99.6 C 46.8 99.6 51 97.9 51 94.7 C 51 93.2 50 92 47.9 91.1 C 45.8 90.1 42.7 89.7 38.5 89.7 C 34.5 89.7 31.4 90.1 29.4 91.1 C 27.3 92 26.2 93.2 26.2 94.7 C 26.2 97.9 30.3 99.6 38.5 99.6 Z\"><\/path><\/g><\/g><g clip-path=\"url(#70811822eb)\"><g clip-path=\"url(#79f65ec99e)\"><path fill=\"#9bc1f9\" d=\"M 104.8 133.9 L 250.8 133.9 L 250.8 279.9 L 104.8 279.9 Z\"><\/path><\/g><\/g><\/svg>\t\t\t\t<\/a>\n\t\t\t<\/div>\n\t\t\t\n\t\t\t\n\t\t<\/div>\n\t\t\t\t\t\t<\/div>\n\t\t\t\t<\/div>\n\t\t<div class=\"elementor-element elementor-element-cbdf9aa e-con-full e-flex e-con e-child\" data-id=\"cbdf9aa\" data-element_type=\"container\" data-e-type=\"container\">\n\t\t\t\t<div class=\"elementor-element elementor-element-bbfc439 elementor-icon-list--layout-inline elementor-list-item-link-inline elementor-align-end elementor-widget__width-auto elementor-widget elementor-widget-icon-list\" data-id=\"bbfc439\" data-element_type=\"widget\" data-e-type=\"widget\" data-widget_type=\"icon-list.default\">\n\t\t\t\t\t\t\t<ul class=\"elementor-icon-list-items elementor-inline-items\">\n\t\t\t\t\t\t\t<li class=\"elementor-icon-list-item elementor-inline-item\">\n\t\t\t\t\t\t\t\t\t\t\t<a href=\"https:\/\/www.polette-studio.fr\/index.php\/le-portfolio\/\">\n\n\t\t\t\t\t\t\t\t\t\t\t<span class=\"elementor-icon-list-text\">LE PORTFOLIO<\/span>\n\t\t\t\t\t\t\t\t\t\t\t<\/a>\n\t\t\t\t\t\t\t\t\t<\/li>\n\t\t\t\t\t\t\t\t<li class=\"elementor-icon-list-item elementor-inline-item\">\n\t\t\t\t\t\t\t\t\t\t\t<a href=\"https:\/\/www.polette-studio.fr\/index.php\/la-methode\/\">\n\n\t\t\t\t\t\t\t\t\t\t\t<span class=\"elementor-icon-list-text\">LA M\u00c9THODE<\/span>\n\t\t\t\t\t\t\t\t\t\t\t<\/a>\n\t\t\t\t\t\t\t\t\t<\/li>\n\t\t\t\t\t\t\t\t<li class=\"elementor-icon-list-item elementor-inline-item\">\n\t\t\t\t\t\t\t\t\t\t\t<a href=\"https:\/\/www.polette-studio.fr\/index.php\/le-studio\/\">\n\n\t\t\t\t\t\t\t\t\t\t\t<span class=\"elementor-icon-list-text\">LE STUDIO<\/span>\n\t\t\t\t\t\t\t\t\t\t\t<\/a>\n\t\t\t\t\t\t\t\t\t<\/li>\n\t\t\t\t\t\t\t\t<li class=\"elementor-icon-list-item elementor-inline-item\">\n\t\t\t\t\t\t\t\t\t\t\t<a href=\"https:\/\/www.polette-studio.fr\/index.php\/contact\/\">\n\n\t\t\t\t\t\t\t\t\t\t\t<span class=\"elementor-icon-list-text\">CONTACT<\/span>\n\t\t\t\t\t\t\t\t\t\t\t<\/a>\n\t\t\t\t\t\t\t\t\t<\/li>\n\t\t\t\t\t\t<\/ul>\n\t\t\t\t\t\t<\/div>\n\t\t\t\t<\/div>\n\t\t\t\t\t<\/div>\n\t\t\t\t<\/div>\n\t\t<div class=\"elementor-element elementor-element-7224f2e e-flex e-con-boxed e-con e-parent\" data-id=\"7224f2e\" data-element_type=\"container\" data-e-type=\"container\">\n\t\t\t\t\t<div class=\"e-con-inner\">\n\t\t\t\t<div class=\"elementor-element elementor-element-1d62be7 elementor-widget elementor-widget-heading\" data-id=\"1d62be7\" data-element_type=\"widget\" data-e-type=\"widget\" data-widget_type=\"heading.default\">\n\t\t\t\t\t<h2 class=\"elementor-heading-title elementor-size-default\">Polette<\/h2>\t\t\t\t<\/div>\n\t\t\t\t\t<\/div>\n\t\t\t\t<\/div>\n\t\t<div class=\"elementor-element elementor-element-09f3d4b e-flex e-con-boxed e-con e-parent\" data-id=\"09f3d4b\" data-element_type=\"container\" data-e-type=\"container\">\n\t\t\t\t\t<div class=\"e-con-inner\">\n\t\t\t\t<div class=\"elementor-element elementor-element-3c91170 elementor-widget elementor-widget-heading\" data-id=\"3c91170\" data-element_type=\"widget\" data-e-type=\"widget\" data-widget_type=\"heading.default\">\n\t\t\t\t\t<h2 class=\"elementor-heading-title elementor-size-default\">CONCEPTION D'ESPACE &amp; DESIGN D'INT\u00c9RIEUR<\/h2>\t\t\t\t<\/div>\n\t\t\t\t\t<\/div>\n\t\t\t\t<\/div>\n\t\t<div class=\"elementor-element elementor-element-e293290 e-flex e-con-boxed e-con e-parent\" data-id=\"e293290\" data-element_type=\"container\" data-e-type=\"container\">\n\t\t\t\t\t<div class=\"e-con-inner\">\n\t\t\t\t<div class=\"elementor-element elementor-element-cebf10d elementor-widget__width-initial elementor-widget elementor-widget-heading\" data-id=\"cebf10d\" data-element_type=\"widget\" data-e-type=\"widget\" data-widget_type=\"heading.default\">\n\t\t\t\t\t<h2 class=\"elementor-heading-title elementor-size-default\">Nous accompagnons la r\u00e9novation de vos int\u00e9rieurs priv\u00e9s en conciliant vos aspirations esth\u00e9tiques avec les r\u00e9alit\u00e9s techniques et budg\u00e9taires de votre habitat. <br>Un design pens\u00e9 pour r\u00e9v\u00e9ler le potentiel de votre lieu et capturer la clart\u00e9, sans jamais perdre de vue la faisabilit\u00e9 de votre projet.<\/h2>\t\t\t\t<\/div>\n\t\t\t\t\t<\/div>\n\t\t\t\t<\/div>\n\t\t<div class=\"elementor-element elementor-element-453dff8b e-flex e-con-boxed e-con e-parent\" data-id=\"453dff8b\" data-element_type=\"container\" data-e-type=\"container\">\n\t\t\t\t\t<div class=\"e-con-inner\">\n\t\t\t\t<div class=\"elementor-element elementor-element-e0bb3b2 elementor-widget__width-initial elementor-widget elementor-widget-heading\" data-id=\"e0bb3b2\" data-element_type=\"widget\" data-e-type=\"widget\" data-widget_type=\"heading.default\">\n\t\t\t\t\t<h2 class=\"elementor-heading-title elementor-size-default\">Cr\u00e9er avec justesse, entre vision et r\u00e9alit\u00e9.<\/h2>\t\t\t\t<\/div>\n\t\t\t\t\t<\/div>\n\t\t\t\t<\/div>\n\t\t<div class=\"elementor-element elementor-element-81466d2 e-flex e-con-boxed e-con e-parent\" data-id=\"81466d2\" data-element_type=\"container\" data-e-type=\"container\">\n\t\t\t\t\t<div class=\"e-con-inner\">\n\t\t\t\t<div class=\"elementor-element elementor-element-d248f0d elementor-widget__width-inherit elementor-widget elementor-widget-heading\" data-id=\"d248f0d\" data-element_type=\"widget\" data-e-type=\"widget\" data-widget_type=\"heading.default\">\n\t\t\t\t\t<h2 class=\"elementor-heading-title elementor-size-default\">R\u00e9nover est un acte personnel et engageant. Notre r\u00f4le est de devenir votre alli\u00e9 technique et cr\u00e9atif pour sculpter des <span data-path-to-node=\"6,2,1,1,0\" data-index-in-node=\"137\">espaces sains, fluides et baign\u00e9s de lumi\u00e8re<\/span>. Nous transformons chaque contrainte en opportunit\u00e9 de design, tout en guidant vos arbitrages financiers pour s\u00e9curiser votre investissement et votre s\u00e9r\u00e9nit\u00e9.<\/h2>\t\t\t\t<\/div>\n\t\t\t\t\t<\/div>\n\t\t\t\t<\/div>\n\t\t<div class=\"elementor-element elementor-element-6465850 e-con-full e-flex e-con e-parent\" data-id=\"6465850\" data-element_type=\"container\" data-e-type=\"container\">\n\t\t<div class=\"elementor-element elementor-element-540ff91 e-con-full e-flex e-con e-child\" data-id=\"540ff91\" data-element_type=\"container\" data-e-type=\"container\">\n\t\t\t\t<div class=\"elementor-element elementor-element-53f9847 elementor-widget elementor-widget-image\" data-id=\"53f9847\" data-element_type=\"widget\" data-e-type=\"widget\" data-widget_type=\"image.default\">\n\t\t\t\t\t\t\t\t\t\t\t\t\t\t\t<img fetchpriority=\"high\" decoding=\"async\" width=\"200\" height=\"300\" src=\"https:\/\/www.polette-studio.fr\/wp-content\/uploads\/2026\/03\/Design-dinterieur-1-200x300.jpg\" class=\"attachment-medium size-medium wp-image-383\" alt=\"\" srcset=\"https:\/\/www.polette-studio.fr\/wp-content\/uploads\/2026\/03\/Design-dinterieur-1-200x300.jpg 200w, https:\/\/www.polette-studio.fr\/wp-content\/uploads\/2026\/03\/Design-dinterieur-1-683x1024.jpg 683w, https:\/\/www.polette-studio.fr\/wp-content\/uploads\/2026\/03\/Design-dinterieur-1-768x1152.jpg 768w, https:\/\/www.polette-studio.fr\/wp-content\/uploads\/2026\/03\/Design-dinterieur-1-1024x1536.jpg 1024w, https:\/\/www.polette-studio.fr\/wp-content\/uploads\/2026\/03\/Design-dinterieur-1-1365x2048.jpg 1365w, https:\/\/www.polette-studio.fr\/wp-content\/uploads\/2026\/03\/Design-dinterieur-1-scaled.jpg 1707w\" sizes=\"(max-width: 200px) 100vw, 200px\" \/>\t\t\t\t\t\t\t\t\t\t\t\t\t\t\t<\/div>\n\t\t\t\t<\/div>\n\t\t<div class=\"elementor-element elementor-element-c7d73ae e-con-full e-flex e-con e-child\" data-id=\"c7d73ae\" data-element_type=\"container\" data-e-type=\"container\">\n\t\t\t\t<div class=\"elementor-element elementor-element-c0a3abf elementor-widget elementor-widget-heading\" data-id=\"c0a3abf\" data-element_type=\"widget\" data-e-type=\"widget\" data-widget_type=\"heading.default\">\n\t\t\t\t\t<h2 class=\"elementor-heading-title elementor-size-default\">Valorisation &amp; Lumi\u00e8re<\/h2>\t\t\t\t<\/div>\n\t\t\t\t<div class=\"elementor-element elementor-element-e120402 elementor-widget elementor-widget-heading\" data-id=\"e120402\" data-element_type=\"widget\" data-e-type=\"widget\" data-widget_type=\"heading.default\">\n\t\t\t\t\t<h2 class=\"elementor-heading-title elementor-size-default\">Optimiser chaque m\u00e8tre carr\u00e9 pour repenser vos circulations et faire entrer la lumi\u00e8re naturelle, valorisant ainsi durablement votre patrimoine.<\/h2>\t\t\t\t<\/div>\n\t\t\t\t<\/div>\n\t\t\t\t<\/div>\n\t\t<div class=\"elementor-element elementor-element-e9a4376 e-con-full e-flex e-con e-parent\" data-id=\"e9a4376\" data-element_type=\"container\" data-e-type=\"container\">\n\t\t<div class=\"elementor-element elementor-element-963a00a e-con-full e-flex e-con e-child\" data-id=\"963a00a\" data-element_type=\"container\" data-e-type=\"container\">\n\t\t\t\t<div class=\"elementor-element elementor-element-2a071ef elementor-widget elementor-widget-image\" data-id=\"2a071ef\" data-element_type=\"widget\" data-e-type=\"widget\" data-widget_type=\"image.default\">\n\t\t\t\t\t\t\t\t\t\t\t\t\t\t\t<img decoding=\"async\" width=\"214\" height=\"300\" src=\"https:\/\/www.polette-studio.fr\/wp-content\/uploads\/2026\/03\/Interior-Design-Image-1-214x300.jpg\" class=\"attachment-medium size-medium wp-image-375\" alt=\"\" srcset=\"https:\/\/www.polette-studio.fr\/wp-content\/uploads\/2026\/03\/Interior-Design-Image-1-214x300.jpg 214w, https:\/\/www.polette-studio.fr\/wp-content\/uploads\/2026\/03\/Interior-Design-Image-1-731x1024.jpg 731w, https:\/\/www.polette-studio.fr\/wp-content\/uploads\/2026\/03\/Interior-Design-Image-1-768x1075.jpg 768w, https:\/\/www.polette-studio.fr\/wp-content\/uploads\/2026\/03\/Interior-Design-Image-1-1097x1536.jpg 1097w, https:\/\/www.polette-studio.fr\/wp-content\/uploads\/2026\/03\/Interior-Design-Image-1-1463x2048.jpg 1463w, https:\/\/www.polette-studio.fr\/wp-content\/uploads\/2026\/03\/Interior-Design-Image-1-scaled.jpg 1829w\" sizes=\"(max-width: 214px) 100vw, 214px\" \/>\t\t\t\t\t\t\t\t\t\t\t\t\t\t\t<\/div>\n\t\t\t\t<\/div>\n\t\t<div class=\"elementor-element elementor-element-476b636 e-con-full e-flex e-con e-child\" data-id=\"476b636\" data-element_type=\"container\" data-e-type=\"container\">\n\t\t\t\t<div class=\"elementor-element elementor-element-82a37cd elementor-widget elementor-widget-heading\" data-id=\"82a37cd\" data-element_type=\"widget\" data-e-type=\"widget\" data-widget_type=\"heading.default\">\n\t\t\t\t\t<h2 class=\"elementor-heading-title elementor-size-default\">MA\u00ceTRISE TECHNIQUE<\/h2>\t\t\t\t<\/div>\n\t\t\t\t<div class=\"elementor-element elementor-element-3bf0c1f elementor-widget elementor-widget-heading\" data-id=\"3bf0c1f\" data-element_type=\"widget\" data-e-type=\"widget\" data-widget_type=\"heading.default\">\n\t\t\t\t\t<h2 class=\"elementor-heading-title elementor-size-default\">Int\u00e9grer les r\u00e9seaux et les structures d\u00e8s l'esquisse. Nous adaptons la technique \u00e0 vos intentions pour transformer les contraintes du b\u00e2ti en atouts architecturaux.<\/h2>\t\t\t\t<\/div>\n\t\t\t\t<\/div>\n\t\t\t\t<\/div>\n\t\t<div class=\"elementor-element elementor-element-b2f7890 e-con-full e-flex e-con e-parent\" data-id=\"b2f7890\" data-element_type=\"container\" data-e-type=\"container\">\n\t\t<div class=\"elementor-element elementor-element-97dd0ae e-con-full e-flex e-con e-child\" data-id=\"97dd0ae\" data-element_type=\"container\" data-e-type=\"container\">\n\t\t\t\t<div class=\"elementor-element elementor-element-05f8d23 elementor-widget elementor-widget-image\" data-id=\"05f8d23\" data-element_type=\"widget\" data-e-type=\"widget\" data-widget_type=\"image.default\">\n\t\t\t\t\t\t\t\t\t\t\t\t\t\t\t<img decoding=\"async\" width=\"200\" height=\"300\" src=\"https:\/\/www.polette-studio.fr\/wp-content\/uploads\/2026\/03\/Moodboard-photo-from-Unsplash-200x300.jpg\" class=\"attachment-medium size-medium wp-image-376\" alt=\"\" srcset=\"https:\/\/www.polette-studio.fr\/wp-content\/uploads\/2026\/03\/Moodboard-photo-from-Unsplash-200x300.jpg 200w, https:\/\/www.polette-studio.fr\/wp-content\/uploads\/2026\/03\/Moodboard-photo-from-Unsplash-683x1024.jpg 683w, https:\/\/www.polette-studio.fr\/wp-content\/uploads\/2026\/03\/Moodboard-photo-from-Unsplash-768x1152.jpg 768w, https:\/\/www.polette-studio.fr\/wp-content\/uploads\/2026\/03\/Moodboard-photo-from-Unsplash-1024x1536.jpg 1024w, https:\/\/www.polette-studio.fr\/wp-content\/uploads\/2026\/03\/Moodboard-photo-from-Unsplash-1365x2048.jpg 1365w, https:\/\/www.polette-studio.fr\/wp-content\/uploads\/2026\/03\/Moodboard-photo-from-Unsplash-scaled.jpg 1707w\" sizes=\"(max-width: 200px) 100vw, 200px\" \/>\t\t\t\t\t\t\t\t\t\t\t\t\t\t\t<\/div>\n\t\t\t\t<\/div>\n\t\t<div class=\"elementor-element elementor-element-ae5b468 e-con-full e-flex e-con e-child\" data-id=\"ae5b468\" data-element_type=\"container\" data-e-type=\"container\">\n\t\t\t\t<div class=\"elementor-element elementor-element-f849f51 elementor-widget elementor-widget-heading\" data-id=\"f849f51\" data-element_type=\"widget\" data-e-type=\"widget\" data-widget_type=\"heading.default\">\n\t\t\t\t\t<h2 class=\"elementor-heading-title elementor-size-default\">PRAGMATISME &amp; BUDGET<\/h2>\t\t\t\t<\/div>\n\t\t\t\t<div class=\"elementor-element elementor-element-7741355 elementor-widget elementor-widget-heading\" data-id=\"7741355\" data-element_type=\"widget\" data-e-type=\"widget\" data-widget_type=\"heading.default\">\n\t\t\t\t\t<h2 class=\"elementor-heading-title elementor-size-default\">Piloter votre projet avec une vision claire des r\u00e9alit\u00e9s financi\u00e8res. Nous vous guidons dans vos choix pour que le design serve votre art de vivre dans le respect de votre budget.<\/h2>\t\t\t\t<\/div>\n\t\t\t\t<\/div>\n\t\t\t\t<\/div>\n\t\t<div class=\"elementor-element elementor-element-0fd885f e-flex e-con-boxed e-con e-parent\" data-id=\"0fd885f\" data-element_type=\"container\" data-e-type=\"container\">\n\t\t\t\t\t<div class=\"e-con-inner\">\n\t\t<div class=\"elementor-element elementor-element-4c146c7 e-con-full e-flex e-con e-child\" data-id=\"4c146c7\" data-element_type=\"container\" data-e-type=\"container\">\n\t\t\t\t<div class=\"elementor-element elementor-element-e99e825 elementor-widget elementor-widget-heading\" data-id=\"e99e825\" data-element_type=\"widget\" data-e-type=\"widget\" data-widget_type=\"heading.default\">\n\t\t\t\t\t<h2 class=\"elementor-heading-title elementor-size-default\">01<\/h2>\t\t\t\t<\/div>\n\t\t\t\t<div class=\"elementor-element elementor-element-90534dc elementor-widget elementor-widget-heading\" data-id=\"90534dc\" data-element_type=\"widget\" data-e-type=\"widget\" data-widget_type=\"heading.default\">\n\t\t\t\t\t<h2 class=\"elementor-heading-title elementor-size-default\">Immersion<\/h2>\t\t\t\t<\/div>\n\t\t\t\t<div class=\"elementor-element elementor-element-97e887e elementor-widget elementor-widget-heading\" data-id=\"97e887e\" data-element_type=\"widget\" data-e-type=\"widget\" data-widget_type=\"heading.default\">\n\t\t\t\t\t<h2 class=\"elementor-heading-title elementor-size-default\">Audit de vos besoins, relev\u00e9s techniques et <span data-path-to-node=\"10,2,1,0,0\" data-index-in-node=\"58\">\u00e9tude d'ensoleillement<\/span> pour d\u00e9finir une intention coh\u00e9rente et r\u00e9aliste.<\/h2>\t\t\t\t<\/div>\n\t\t\t\t<\/div>\n\t\t<div class=\"elementor-element elementor-element-9662140 e-con-full e-flex e-con e-child\" data-id=\"9662140\" data-element_type=\"container\" data-e-type=\"container\">\n\t\t\t\t<div class=\"elementor-element elementor-element-b3d9bc7 elementor-widget elementor-widget-heading\" data-id=\"b3d9bc7\" data-element_type=\"widget\" data-e-type=\"widget\" data-widget_type=\"heading.default\">\n\t\t\t\t\t<h2 class=\"elementor-heading-title elementor-size-default\">02<\/h2>\t\t\t\t<\/div>\n\t\t\t\t<div class=\"elementor-element elementor-element-74b5951 elementor-widget elementor-widget-heading\" data-id=\"74b5951\" data-element_type=\"widget\" data-e-type=\"widget\" data-widget_type=\"heading.default\">\n\t\t\t\t\t<h2 class=\"elementor-heading-title elementor-size-default\">Conception<\/h2>\t\t\t\t<\/div>\n\t\t\t\t<div class=\"elementor-element elementor-element-184397f elementor-widget elementor-widget-heading\" data-id=\"184397f\" data-element_type=\"widget\" data-e-type=\"widget\" data-widget_type=\"heading.default\">\n\t\t\t\t\t<h2 class=\"elementor-heading-title elementor-size-default\">\u00c9tudes de faisabilit\u00e9 technique, plans d\u00e9taill\u00e9s et s\u00e9lection de mat\u00e9riaux adapt\u00e9s \u00e0 votre usage et \u00e0 la clart\u00e9 de vos espaces.<\/h2>\t\t\t\t<\/div>\n\t\t\t\t<\/div>\n\t\t<div class=\"elementor-element elementor-element-a664b0d e-con-full e-flex e-con e-child\" data-id=\"a664b0d\" data-element_type=\"container\" data-e-type=\"container\">\n\t\t\t\t<div class=\"elementor-element elementor-element-9b72942 elementor-widget elementor-widget-heading\" data-id=\"9b72942\" data-element_type=\"widget\" data-e-type=\"widget\" data-widget_type=\"heading.default\">\n\t\t\t\t\t<h2 class=\"elementor-heading-title elementor-size-default\">03<\/h2>\t\t\t\t<\/div>\n\t\t\t\t<div class=\"elementor-element elementor-element-6adc423 elementor-widget elementor-widget-heading\" data-id=\"6adc423\" data-element_type=\"widget\" data-e-type=\"widget\" data-widget_type=\"heading.default\">\n\t\t\t\t\t<h2 class=\"elementor-heading-title elementor-size-default\">Coordination<\/h2>\t\t\t\t<\/div>\n\t\t\t\t<div class=\"elementor-element elementor-element-ab14fc8 elementor-widget elementor-widget-heading\" data-id=\"ab14fc8\" data-element_type=\"widget\" data-e-type=\"widget\" data-widget_type=\"heading.default\">\n\t\t\t\t\t<h2 class=\"elementor-heading-title elementor-size-default\">Accompagnement dans le choix des artisans et suivi rigoureux pour une r\u00e9alisation fid\u00e8le \u00e0 la vision valid\u00e9e.<\/h2>\t\t\t\t<\/div>\n\t\t\t\t<\/div>\n\t\t\t\t\t<\/div>\n\t\t\t\t<\/div>\n\t\t<div class=\"elementor-element elementor-element-19b44d4 e-flex e-con-boxed e-con e-parent\" data-id=\"19b44d4\" data-element_type=\"container\" data-e-type=\"container\">\n\t\t\t\t\t<div class=\"e-con-inner\">\n\t\t\t\t<div class=\"elementor-element elementor-element-2ae1c61 elementor-widget elementor-widget-spacer\" data-id=\"2ae1c61\" data-element_type=\"widget\" data-e-type=\"widget\" data-widget_type=\"spacer.default\">\n\t\t\t\t\t\t\t<div class=\"elementor-spacer\">\n\t\t\t<div class=\"elementor-spacer-inner\"><\/div>\n\t\t<\/div>\n\t\t\t\t\t\t<\/div>\n\t\t\t\t\t<\/div>\n\t\t\t\t<\/div>\n\t\t<div class=\"elementor-element elementor-element-0909e53 e-flex e-con-boxed e-con e-parent\" data-id=\"0909e53\" data-element_type=\"container\" data-e-type=\"container\">\n\t\t\t\t\t<div class=\"e-con-inner\">\n\t\t\t\t<div class=\"elementor-element elementor-element-efcf5b8 elementor-widget__width-inherit elementor-widget elementor-widget-heading\" data-id=\"efcf5b8\" data-element_type=\"widget\" data-e-type=\"widget\" data-widget_type=\"heading.default\">\n\t\t\t\t\t<h2 class=\"elementor-heading-title elementor-size-default\">Un projet de r\u00e9novation en t\u00eate ?<\/h2>\t\t\t\t<\/div>\n\t\t\t\t\t<\/div>\n\t\t\t\t<\/div>\n\t\t<div class=\"elementor-element elementor-element-73138be e-flex e-con-boxed e-con e-parent\" data-id=\"73138be\" data-element_type=\"container\" data-e-type=\"container\">\n\t\t\t\t\t<div class=\"e-con-inner\">\n\t\t\t\t<div class=\"elementor-element elementor-element-417b5c8 elementor-widget__width-inherit elementor-widget elementor-widget-heading\" data-id=\"417b5c8\" data-element_type=\"widget\" data-e-type=\"widget\" data-widget_type=\"heading.default\">\n\t\t\t\t\t<h2 class=\"elementor-heading-title elementor-size-default\">Parlons de vos envies et voyons comment nous pouvons redonner du sens \u00e0 vos espaces tout en s\u00e9curisant les \u00e9tapes de votre futur int\u00e9rieur.<\/h2>\t\t\t\t<\/div>\n\t\t\t\t\t<\/div>\n\t\t\t\t<\/div>\n\t\t<div class=\"elementor-element elementor-element-740eba6 e-flex e-con-boxed e-con e-parent\" data-id=\"740eba6\" data-element_type=\"container\" data-e-type=\"container\">\n\t\t\t\t\t<div class=\"e-con-inner\">\n\t\t\t\t<div class=\"elementor-element elementor-element-7b1ce14 elementor-button-info elementor-align-center elementor-widget elementor-widget-button\" data-id=\"7b1ce14\" data-element_type=\"widget\" data-e-type=\"widget\" data-widget_type=\"button.default\">\n\t\t\t\t\t\t\t\t\t\t<a class=\"elementor-button elementor-button-link elementor-size-sm\" href=\"https:\/\/calendly.com\/elea-polette-studio\/30min\">\n\t\t\t\t\t\t<span class=\"elementor-button-content-wrapper\">\n\t\t\t\t\t\t\t\t\t<span class=\"elementor-button-text\">R\u00e9server un premier \u00e9change<\/span>\n\t\t\t\t\t<\/span>\n\t\t\t\t\t<\/a>\n\t\t\t\t\t\t\t\t<\/div>\n\t\t\t\t\t<\/div>\n\t\t\t\t<\/div>\n\t\t\t\t<\/div>\n\t\t","protected":false},"excerpt":{"rendered":"<p>LE PORTFOLIO LA M\u00c9THODE LE STUDIO CONTACT Polette CONCEPTION D&rsquo;ESPACE &amp; DESIGN D&rsquo;INT\u00c9RIEUR Nous accompagnons la r\u00e9novation de vos int\u00e9rieurs priv\u00e9s en conciliant vos aspirations esth\u00e9tiques avec les r\u00e9alit\u00e9s techniques et budg\u00e9taires de votre habitat. Un design pens\u00e9 pour r\u00e9v\u00e9ler le potentiel de votre lieu et capturer la clart\u00e9, sans jamais perdre de vue la [&hellip;]<\/p>\n","protected":false},"author":1,"featured_media":0,"parent":0,"menu_order":0,"comment_status":"closed","ping_status":"closed","template":"elementor_canvas","meta":{"footnotes":""},"class_list":["post-53","page","type-page","status-publish","hentry"],"_links":{"self":[{"href":"https:\/\/www.polette-studio.fr\/index.php\/wp-json\/wp\/v2\/pages\/53","targetHints":{"allow":["GET"]}}],"collection":[{"href":"https:\/\/www.polette-studio.fr\/index.php\/wp-json\/wp\/v2\/pages"}],"about":[{"href":"https:\/\/www.polette-studio.fr\/index.php\/wp-json\/wp\/v2\/types\/page"}],"author":[{"embeddable":true,"href":"https:\/\/www.polette-studio.fr\/index.php\/wp-json\/wp\/v2\/users\/1"}],"replies":[{"embeddable":true,"href":"https:\/\/www.polette-studio.fr\/index.php\/wp-json\/wp\/v2\/comments?post=53"}],"version-history":[{"count":123,"href":"https:\/\/www.polette-studio.fr\/index.php\/wp-json\/wp\/v2\/pages\/53\/revisions"}],"predecessor-version":[{"id":431,"href":"https:\/\/www.polette-studio.fr\/index.php\/wp-json\/wp\/v2\/pages\/53\/revisions\/431"}],"wp:attachment":[{"href":"https:\/\/www.polette-studio.fr\/index.php\/wp-json\/wp\/v2\/media?parent=53"}],"curies":[{"name":"wp","href":"https:\/\/api.w.org\/{rel}","templated":true}]}}